{"id":66,"date":"2024-03-27T12:40:59","date_gmt":"2024-03-27T12:40:59","guid":{"rendered":"http:\/\/ajdcapital.lt\/?page_id=66"},"modified":"2025-06-10T10:44:40","modified_gmt":"2025-06-10T10:44:40","slug":"homepage","status":"publish","type":"page","link":"http:\/\/ajdcapital.lt\/","title":{"rendered":"Homepage"},"content":{"rendered":"\t\t<div data-elementor-type=\"wp-page\" data-elementor-id=\"66\" class=\"elementor elementor-66\">\n\t\t\t\t\t\t<section class=\"elementor-section elementor-top-section elementor-element elementor-element-c5cd4fd elementor-section-boxed elementor-section-height-default elementor-section-height-default\" data-id=\"c5cd4fd\" data-element_type=\"section\" data-settings=\"{&quot;background_background&quot;:&quot;classic&quot;}\">\n\t\t\t\t\t\t<div class=\"elementor-container elementor-column-gap-default\">\n\t\t\t\t\t<div class=\"elementor-column elementor-col-50 elementor-top-column elementor-element elementor-element-bfe1927\" data-id=\"bfe1927\" data-element_type=\"column\">\n\t\t\t<div class=\"elementor-widget-wrap elementor-element-populated\">\n\t\t\t\t\t\t<div class=\"elementor-element elementor-element-d12cba8 elementor-widget elementor-widget-text-editor\" data-id=\"d12cba8\" data-element_type=\"widget\" data-widget_type=\"text-editor.default\">\n\t\t\t\t<div class=\"elementor-widget-container\">\n\t\t\t\t\t\t\t<h2><strong>Teikiamos paslaugos<\/strong><\/h2><p>Konsultuojame profesionalius klientus investavimo klausimais<br \/>Priimame ir perduodame pavedimus d\u0117l finansini\u0173 priemoni\u0173<\/p>\t\t\t\t\t\t<\/div>\n\t\t\t\t<\/div>\n\t\t\t\t\t<\/div>\n\t\t<\/div>\n\t\t\t\t<div class=\"elementor-column elementor-col-50 elementor-top-column elementor-element elementor-element-5020072\" data-id=\"5020072\" data-element_type=\"column\">\n\t\t\t<div class=\"elementor-widget-wrap elementor-element-populated\">\n\t\t\t\t\t\t<div class=\"elementor-element elementor-element-b6eb75e elementor-widget elementor-widget-image\" data-id=\"b6eb75e\" data-element_type=\"widget\" data-widget_type=\"image.default\">\n\t\t\t\t<div class=\"elementor-widget-container\">\n\t\t\t\t\t\t\t\t\t\t\t\t\t<img loading=\"lazy\" decoding=\"async\" width=\"1024\" height=\"768\" src=\"http:\/\/ajdcapital.lt\/wp-content\/uploads\/2024\/03\/pexels-dan-marian-moldoveanu-3449351-8-1024x768.jpg\" class=\"attachment-large size-large wp-image-97\" alt=\"\" srcset=\"http:\/\/ajdcapital.lt\/wp-content\/uploads\/2024\/03\/pexels-dan-marian-moldoveanu-3449351-8-1024x768.jpg 1024w, http:\/\/ajdcapital.lt\/wp-content\/uploads\/2024\/03\/pexels-dan-marian-moldoveanu-3449351-8-300x225.jpg 300w, http:\/\/ajdcapital.lt\/wp-content\/uploads\/2024\/03\/pexels-dan-marian-moldoveanu-3449351-8-768x576.jpg 768w, http:\/\/ajdcapital.lt\/wp-content\/uploads\/2024\/03\/pexels-dan-marian-moldoveanu-3449351-8-1536x1152.jpg 1536w, http:\/\/ajdcapital.lt\/wp-content\/uploads\/2024\/03\/pexels-dan-marian-moldoveanu-3449351-8-2048x1536.jpg 2048w\" sizes=\"auto, (max-width: 1024px) 100vw, 1024px\" \/>\t\t\t\t\t\t\t\t\t\t\t\t\t<\/div>\n\t\t\t\t<\/div>\n\t\t\t\t\t<\/div>\n\t\t<\/div>\n\t\t\t\t\t<\/div>\n\t\t<\/section>\n\t\t\t\t<\/div>\n\t\t","protected":false},"excerpt":{"rendered":"<p>Teikiamos paslaugos Konsultuojame profesionalius klientus investavimo klausimaisPriimame ir perduodame pavedimus d\u0117l finansini\u0173 priemoni\u0173<\/p>\n","protected":false},"author":1,"featured_media":0,"parent":0,"menu_order":0,"comment_status":"closed","ping_status":"closed","template":"","meta":{"footnotes":""},"class_list":["post-66","page","type-page","status-publish","hentry"],"_links":{"self":[{"href":"http:\/\/ajdcapital.lt\/index.php\/wp-json\/wp\/v2\/pages\/66","targetHints":{"allow":["GET"]}}],"collection":[{"href":"http:\/\/ajdcapital.lt\/index.php\/wp-json\/wp\/v2\/pages"}],"about":[{"href":"http:\/\/ajdcapital.lt\/index.php\/wp-json\/wp\/v2\/types\/page"}],"author":[{"embeddable":true,"href":"http:\/\/ajdcapital.lt\/index.php\/wp-json\/wp\/v2\/users\/1"}],"replies":[{"embeddable":true,"href":"http:\/\/ajdcapital.lt\/index.php\/wp-json\/wp\/v2\/comments?post=66"}],"version-history":[{"count":54,"href":"http:\/\/ajdcapital.lt\/index.php\/wp-json\/wp\/v2\/pages\/66\/revisions"}],"predecessor-version":[{"id":207,"href":"http:\/\/ajdcapital.lt\/index.php\/wp-json\/wp\/v2\/pages\/66\/revisions\/207"}],"wp:attachment":[{"href":"http:\/\/ajdcapital.lt\/index.php\/wp-json\/wp\/v2\/media?parent=66"}],"curies":[{"name":"wp","href":"https:\/\/api.w.org\/{rel}","templated":true}]}}